{"id":2773,"date":"2025-01-25T13:07:02","date_gmt":"2025-01-25T13:07:02","guid":{"rendered":"https:\/\/hiiumaarelax.ee\/?page_id=2773"},"modified":"2025-06-28T12:01:49","modified_gmt":"2025-06-28T12:01:49","slug":"meist","status":"publish","type":"page","link":"https:\/\/hiiumaarelax.ee\/en\/meist\/","title":{"rendered":"About us"},"content":{"rendered":"<div data-elementor-type=\"wp-page\" data-elementor-id=\"2773\" class=\"elementor elementor-2773\">\n\t\t\t\t<div class=\"elementor-element elementor-element-5bcc5987 e-flex e-con-boxed e-con e-parent\" data-id=\"5bcc5987\" data-element_type=\"container\" data-e-type=\"container\">\n\t\t\t\t\t<div class=\"e-con-inner\">\n\t\t\t\t\t<\/div>\n\t\t\t\t<\/div>\n\t\t<div class=\"elementor-element elementor-element-3440e37c e-flex e-con-boxed e-con e-parent\" data-id=\"3440e37c\" data-element_type=\"container\" data-e-type=\"container\">\n\t\t\t\t\t<div class=\"e-con-inner\">\n\t\t\t\t<div class=\"elementor-element elementor-element-252d2545 elementor-widget-mobile__width-inherit exad-sticky-section-no exad-glass-effect-no elementor-widget elementor-widget-image\" data-id=\"252d2545\" data-element_type=\"widget\" data-e-type=\"widget\" data-settings=\"{&quot;_animation&quot;:&quot;none&quot;}\" data-widget_type=\"image.default\">\n\t\t\t\t<div class=\"elementor-widget-container\">\n\t\t\t\t\t\t\t\t\t\t\t\t\t\t\t<img fetchpriority=\"high\" decoding=\"async\" width=\"640\" height=\"480\" src=\"https:\/\/hiiumaarelax.ee\/wp-content\/uploads\/2024\/11\/IMG_5933.jpg\" class=\"attachment-large size-large wp-image-1845\" alt=\"Kuldsete k\u00e4tega Andre\" srcset=\"https:\/\/hiiumaarelax.ee\/wp-content\/uploads\/2024\/11\/IMG_5933.jpg 640w, https:\/\/hiiumaarelax.ee\/wp-content\/uploads\/2024\/11\/IMG_5933-300x225.jpg 300w\" sizes=\"(max-width: 640px) 100vw, 640px\" \/>\t\t\t\t\t\t\t\t\t\t\t\t\t\t\t<\/div>\n\t\t\t\t<\/div>\n\t\t\t\t\t<\/div>\n\t\t\t\t<\/div>\n\t\t<div class=\"elementor-element elementor-element-3e3052c6 e-con-full e-flex e-con e-parent\" data-id=\"3e3052c6\" data-element_type=\"container\" data-e-type=\"container\">\n\t\t\t\t<div class=\"elementor-element elementor-element-258f6b84 exad-sticky-section-no exad-glass-effect-no elementor-widget elementor-widget-text-editor\" data-id=\"258f6b84\" data-element_type=\"widget\" data-e-type=\"widget\" data-widget_type=\"text-editor.default\">\n\t\t\t\t<div class=\"elementor-widget-container\">\n\t\t\t\t\t\t\t\t\t<h2><span style=\"color: #008000;\"><b style=\"font-style: inherit; font-family: var( --e-global-typography-text-font-family ), Sans-serif; text-align: var(--text-align); letter-spacing: 1.2px;\"><span lang=\"PL\">WELCOME to Hiiumaa Relax Holiday Village<\/span><\/b><\/span><\/h2><p><span style=\"color: #008000;\"><b style=\"font-style: inherit; font-family: var( --e-global-typography-text-font-family ), Sans-serif; text-align: var(--text-align); letter-spacing: 1.2px;\"><span lang=\"PL\">\u00a0<\/span><\/b><\/span><\/p><h2><span style=\"color: #008000;\"><b style=\"font-style: inherit; font-family: var( --e-global-typography-text-font-family ), Sans-serif; text-align: var(--text-align); letter-spacing: 1.2px;\"><span lang=\"PL\">\u00a0<\/span><\/b><\/span><strong style=\"color: #008000; font-style: inherit; font-family: var( --e-global-typography-text-font-family ), Sans-serif; letter-spacing: 1.2px;\">Owner\u00b4s story<\/strong><\/h2><h3><span style=\"color: #008000;\"><strong>Andre - Master, Construction Enthusiast, and Nature Lover<\/strong><\/span><\/h3><p><span style=\"color: #008000;\"><strong>\u00a0<\/strong><\/span><\/p><p style=\"text-align: center;\">Hello, my name is Andre, and I am the owner of the Hiiumaa Relax Holiday Village. I am an enterprising and versatile man with roots in Hiiumaa. Although I was born in Tallinn, I spent my childhood summers in Hiiumaa, which gave me a deep love for the island.<\/p><h3 style=\"text-align: left;\"><span style=\"color: #008000;\"><strong>People often describe me as:<\/strong><\/span><\/h3><ul><li style=\"text-align: left;\">A skilled craftsman with a golden touch in construction<\/li><li style=\"text-align: left;\">An auto repair enthusiast and workshop owner<\/li><li style=\"text-align: left;\">A motorcycle fan<\/li><li style=\"text-align: left;\">\u2022\tAn avid traveler, enjoying adventures both in Estonia and abroad<\/li><\/ul><p style=\"text-align: center;\" class=\"translation-block\">I began my entrepreneurial journey in Hiiumaa in 2011 by opening the auto repair shop N\u00f5mme Auto O\u00dc, conveniently located near Hiiumaa Relax Holiday Village. Creating a harmonious environment that combines work, nature, and leisure was important to me.\n \nInitially, my goal was to build a home for myself. This led to the creation of QBIK, a minimalist and modern house built largely with my own hands, perfectly blending into the surrounding nature. The idea then evolved into the creation of Hiiumaa Relax Holiday Village.<\/p><p style=\"text-align: center;\">I strive to grow and learn, which has allowed me to complete much of the construction myself. Practical skills and attention to detail give the holiday village buildings their unique quality and character. Whether it\u2019s QBIK or the new cottages, each structure is thoughtfully designed to blend seamlessly with the environment and provide guests with a relaxing, nature-inspired experience.<\/p><p style=\"text-align: center;\">Besides construction and developing the holiday village, I am passionate about motorcycles, having restored and built bikes from scratch. My love for travel and motorcycles has taken me to many corners of the world, but Hiiumaa is the place I always return to. I value the island\u2019s unique peace and tranquility, found only amidst Hiiumaa\u2019s forests and coastal landscapes. Through my holiday village, I aim to offer every guest the chance to experience this special Hiiumaa atmosphere.<\/p><p style=\"text-align: center;\"><strong>\u00a0<\/strong><\/p><h3 style=\"text-align: center;\"><span style=\"color: #008000;\"><strong>Activities and Attractions<\/strong><\/span><\/h3><p style=\"text-align: left;\"><strong>\u00a0<\/strong><\/p><p style=\"text-align: left;\">Hiiumaa Relax Holiday Village is surrounded by exciting activities and attractions:<\/p><ul><li style=\"text-align: left;\">Tuuletorn Adventure Center: A thrilling destination for the whole family, located nearby.<\/li><li style=\"text-align: left;\">Nature trails and beaches: Hiiumaa\u2019s famous sandy beaches and forest trails are easily accessible.<\/li><li style=\"text-align: left;\">Cultural events: Hiiumaa hosts various events throughout the year.<\/li><\/ul><p style=\"text-align: center;\"><a href=\"https:\/\/www.hiiumaale.ee\/\">\u00a0<\/a><\/p><h3 style=\"text-align: center;\"><span style=\"color: #008000;\"><strong>Future Plans for Hiiumaa Relax holiday village<\/strong><\/span><\/h3><p style=\"text-align: center;\"><strong>\u00a0<\/strong><\/p><p style=\"text-align: center;\" class=\"translation-block\">Hiiumaa Relax Holiday Village is constantly evolving. Soon, five small cottages will be completed, further expanding accommodation options and making the holiday village an even more attractive destination.\nHiiumaa Relax Holiday Village is the perfect choice for those seeking a peaceful retreat in nature while enjoying modern comforts.<\/p><p style=\"text-align: center;\"><b>\u00a0<\/b><\/p><h3 style=\"text-align: center;\" class=\"translation-block\"><span style=\"color: #008000\"><b><span style=\"color: #ff6600\"><a style=\"color: #ff6600\" href=\"https:\/\/hiiumaarelax.ee\/en\/broneeri\/\" target=\"_self\">\u21d2BOOK<\/a><\/span> your stay and come to enjoy Hiiumaa\u00b4s beauty,<\/b><\/span><\/h3><h3 style=\"text-align: center;\"><span style=\"color: #008000;\"><b> comfort and hospitality in the cozy holiday village created by Andre!<\/b><\/span><\/h3><p style=\"text-align: center;\"><span style=\"color: #008000;\"><b>\u00a0<\/b><\/span><\/p><p style=\"text-align: center;\"><span style=\"color: #008000;\"><b>\u00a0<\/b><\/span><\/p><p style=\"text-align: center;\"><span style=\"color: #008000;\"><b>\u00a0<\/b><\/span><\/p><p style=\"text-align: center;\"><span style=\"color: #008000;\"><b>\u00a0<\/b><\/span><\/p><p style=\"text-align: center;\"><span style=\"color: #008000;\"><b>\u00a0<\/b><\/span><\/p><p style=\"text-align: center;\"><span style=\"color: #008000;\"><b>\u00a0<\/b><\/span><\/p><p style=\"text-align: center;\"><span style=\"color: #008000;\"><b>\u00a0<\/b><\/span><\/p><p style=\"text-align: center;\"><span style=\"color: #008000;\"><b>\u00a0<\/b><\/span><\/p><p style=\"text-align: center;\"><span style=\"color: #008000;\"><b>\u00a0<\/b><\/span><\/p>\t\t\t\t\t\t\t\t<\/div>\n\t\t\t\t<\/div>\n\t\t\t\t<\/div>\n\t\t\t\t<\/div>","protected":false},"excerpt":{"rendered":"<p>Tere tulemast Hiiumaa Relax Puhkek\u00fclla \u00a0 \u00a0Omaniku lugu Andre \u2013 Meister, Ehitusentusiast ja Loodusearmastaja \u00a0 Tere, mina olen Andre, Hiiumaa Relax puhkek\u00fcla omanik. Olen ettev\u00f5tlik ja mitmek\u00fclgne mees, kelle juured ulatuvad Hiiumaale. Kuigi olen s\u00fcndinud Tallinnas, veetsin oma lapsep\u00f5lve suvesid Hiiumaal, mis tekitas minus s\u00fcgava armastuse saare vastu. Mind on kirjeldatud kui: kuldsete k\u00e4tega ehitusmeister [&hellip;]<\/p>\n","protected":false},"author":1,"featured_media":0,"parent":0,"menu_order":0,"comment_status":"closed","ping_status":"closed","template":"","meta":{"site-sidebar-layout":"no-sidebar","site-content-layout":"page-builder","ast-site-content-layout":"full-width-container","site-content-style":"default","site-sidebar-style":"default","ast-global-header-display":"","ast-banner-title-visibility":"","ast-main-header-display":"","ast-hfb-above-header-display":"","ast-hfb-below-header-display":"","ast-hfb-mobile-header-display":"","site-post-title":"disabled","ast-breadcrumbs-content":"","ast-featured-img":"disabled","footer-sml-layout":"","ast-disable-related-posts":"","theme-transparent-header-meta":"default","adv-header-id-meta":"","stick-header-meta":"","header-above-stick-meta":"","header-main-stick-meta":"","header-below-stick-meta":"","astra-migrate-meta-layouts":"set","ast-page-background-enabled":"default","ast-page-background-meta":{"desktop":{"background-color":"","background-image":"","background-repeat":"repeat","background-position":"center center","background-size":"auto","background-attachment":"scroll","background-type":"","background-media":"","overlay-type":"","overlay-color":"","overlay-opacity":"","overlay-gradient":""},"tablet":{"background-color":"","background-image":"","background-repeat":"repeat","background-position":"center center","background-size":"auto","background-attachment":"scroll","background-type":"","background-media":"","overlay-type":"","overlay-color":"","overlay-opacity":"","overlay-gradient":""},"mobile":{"background-color":"","background-image":"","background-repeat":"repeat","background-position":"center center","background-size":"auto","background-attachment":"scroll","background-type":"","background-media":"","overlay-type":"","overlay-color":"","overlay-opacity":"","overlay-gradient":""}},"ast-content-background-meta":{"desktop":{"background-color":"var(--ast-global-color-5)","background-image":"","background-repeat":"repeat","background-position":"center center","background-size":"auto","background-attachment":"scroll","background-type":"","background-media":"","overlay-type":"","overlay-color":"","overlay-opacity":"","overlay-gradient":""},"tablet":{"background-color":"var(--ast-global-color-5)","background-image":"","background-repeat":"repeat","background-position":"center center","background-size":"auto","background-attachment":"scroll","background-type":"","background-media":"","overlay-type":"","overlay-color":"","overlay-opacity":"","overlay-gradient":""},"mobile":{"background-color":"var(--ast-global-color-5)","background-image":"","background-repeat":"repeat","background-position":"center center","background-size":"auto","background-attachment":"scroll","background-type":"","background-media":"","overlay-type":"","overlay-color":"","overlay-opacity":"","overlay-gradient":""}},"footnotes":""},"class_list":["post-2773","page","type-page","status-publish","hentry"],"yoast_head":"<!-- This site is optimized with the Yoast SEO plugin v27.3 - https:\/\/yoast.com\/product\/yoast-seo-wordpress\/ -->\n<title>Omaniku lugu &#8211; Hiiumaa Relax Puhkek\u00fcla<\/title>\n<meta name=\"description\" content=\"Hiiumaa Relax Puhkek\u00fcla Ideaalne asukoht. Valikus on stiilne peamaja privaatse saunaga ning 5 rookatusega puhkemaja!\" \/>\n<meta name=\"robots\" content=\"index, follow, max-snippet:-1, max-image-preview:large, max-video-preview:-1\" \/>\n<link rel=\"canonical\" href=\"https:\/\/hiiumaarelax.ee\/en\/meist\/\" \/>\n<meta property=\"og:locale\" content=\"en_GB\" \/>\n<meta property=\"og:type\" content=\"article\" \/>\n<meta property=\"og:title\" content=\"Omaniku lugu &#8211; Hiiumaa Relax Puhkek\u00fcla\" \/>\n<meta property=\"og:description\" content=\"Hiiumaa Relax Puhkek\u00fcla Ideaalne asukoht. Valikus on stiilne peamaja privaatse saunaga ning 5 rookatusega puhkemaja!\" \/>\n<meta property=\"og:url\" content=\"https:\/\/hiiumaarelax.ee\/en\/meist\/\" \/>\n<meta property=\"og:site_name\" content=\"Hiiumaa Relax Puhkek\u00fcla\" \/>\n<meta property=\"article:modified_time\" content=\"2025-06-28T12:01:49+00:00\" \/>\n<meta property=\"og:image\" content=\"https:\/\/hiiumaarelax.ee\/wp-content\/uploads\/2024\/11\/IMG_5933.jpg\" \/>\n\t<meta property=\"og:image:width\" content=\"640\" \/>\n\t<meta property=\"og:image:height\" content=\"480\" \/>\n\t<meta property=\"og:image:type\" content=\"image\/jpeg\" \/>\n<meta name=\"twitter:card\" content=\"summary_large_image\" \/>\n<meta name=\"twitter:label1\" content=\"Estimated reading time\" \/>\n\t<meta name=\"twitter:data1\" content=\"3 minutes\" \/>\n<script type=\"application\/ld+json\" class=\"yoast-schema-graph\">{\"@context\":\"https:\\\/\\\/schema.org\",\"@graph\":[{\"@type\":\"WebPage\",\"@id\":\"https:\\\/\\\/hiiumaarelax.ee\\\/meist\\\/\",\"url\":\"https:\\\/\\\/hiiumaarelax.ee\\\/meist\\\/\",\"name\":\"Omaniku lugu &#8211; Hiiumaa Relax Puhkek\u00fcla\",\"isPartOf\":{\"@id\":\"https:\\\/\\\/hiiumaarelax.ee\\\/#website\"},\"primaryImageOfPage\":{\"@id\":\"https:\\\/\\\/hiiumaarelax.ee\\\/meist\\\/#primaryimage\"},\"image\":{\"@id\":\"https:\\\/\\\/hiiumaarelax.ee\\\/meist\\\/#primaryimage\"},\"thumbnailUrl\":\"https:\\\/\\\/hiiumaarelax.ee\\\/wp-content\\\/uploads\\\/2024\\\/11\\\/IMG_5933.jpg\",\"datePublished\":\"2025-01-25T13:07:02+00:00\",\"dateModified\":\"2025-06-28T12:01:49+00:00\",\"description\":\"Hiiumaa Relax Puhkek\u00fcla Ideaalne asukoht. Valikus on stiilne peamaja privaatse saunaga ning 5 rookatusega puhkemaja!\",\"breadcrumb\":{\"@id\":\"https:\\\/\\\/hiiumaarelax.ee\\\/meist\\\/#breadcrumb\"},\"inLanguage\":\"en-GB\",\"potentialAction\":[{\"@type\":\"ReadAction\",\"target\":[\"https:\\\/\\\/hiiumaarelax.ee\\\/meist\\\/\"]}]},{\"@type\":\"ImageObject\",\"inLanguage\":\"en-GB\",\"@id\":\"https:\\\/\\\/hiiumaarelax.ee\\\/meist\\\/#primaryimage\",\"url\":\"https:\\\/\\\/hiiumaarelax.ee\\\/wp-content\\\/uploads\\\/2024\\\/11\\\/IMG_5933.jpg\",\"contentUrl\":\"https:\\\/\\\/hiiumaarelax.ee\\\/wp-content\\\/uploads\\\/2024\\\/11\\\/IMG_5933.jpg\"},{\"@type\":\"BreadcrumbList\",\"@id\":\"https:\\\/\\\/hiiumaarelax.ee\\\/meist\\\/#breadcrumb\",\"itemListElement\":[{\"@type\":\"ListItem\",\"position\":1,\"name\":\"Home\",\"item\":\"https:\\\/\\\/hiiumaarelax.ee\\\/\"},{\"@type\":\"ListItem\",\"position\":2,\"name\":\"Meist\"}]},{\"@type\":\"WebSite\",\"@id\":\"https:\\\/\\\/hiiumaarelax.ee\\\/#website\",\"url\":\"https:\\\/\\\/hiiumaarelax.ee\\\/\",\"name\":\"Hiiumaa Relax Puhkek\u00fcla\",\"description\":\"Majutus Hiiumaal, puhkek\u00fcla individuaal majadega\",\"publisher\":{\"@id\":\"https:\\\/\\\/hiiumaarelax.ee\\\/#organization\"},\"alternateName\":\"Puhkek\u00fcla Hiiumaal\",\"potentialAction\":[{\"@type\":\"SearchAction\",\"target\":{\"@type\":\"EntryPoint\",\"urlTemplate\":\"https:\\\/\\\/hiiumaarelax.ee\\\/?s={search_term_string}\"},\"query-input\":{\"@type\":\"PropertyValueSpecification\",\"valueRequired\":true,\"valueName\":\"search_term_string\"}}],\"inLanguage\":\"en-GB\"},{\"@type\":\"Organization\",\"@id\":\"https:\\\/\\\/hiiumaarelax.ee\\\/#organization\",\"name\":\"Hiiumaa Relax Puhkek\u00fcla\",\"alternateName\":\"Puhkek\u00fcla Hiiumaal\",\"url\":\"https:\\\/\\\/hiiumaarelax.ee\\\/\",\"logo\":{\"@type\":\"ImageObject\",\"inLanguage\":\"en-GB\",\"@id\":\"https:\\\/\\\/hiiumaarelax.ee\\\/#\\\/schema\\\/logo\\\/image\\\/\",\"url\":\"https:\\\/\\\/hiiumaarelax.ee\\\/wp-content\\\/uploads\\\/2024\\\/10\\\/cropped-cropped-hiiumaa-relax-1.png\",\"contentUrl\":\"https:\\\/\\\/hiiumaarelax.ee\\\/wp-content\\\/uploads\\\/2024\\\/10\\\/cropped-cropped-hiiumaa-relax-1.png\",\"width\":512,\"height\":512,\"caption\":\"Hiiumaa Relax Puhkek\u00fcla\"},\"image\":{\"@id\":\"https:\\\/\\\/hiiumaarelax.ee\\\/#\\\/schema\\\/logo\\\/image\\\/\"},\"sameAs\":[\"https:\\\/\\\/www.airbnb.com.ee\\\/rooms\\\/1163049199630359356\"]}]}<\/script>\n<!-- \/ Yoast SEO plugin. -->","yoast_head_json":{"title":"Omaniku lugu &#8211; Hiiumaa Relax Puhkek\u00fcla","description":"Hiiumaa Relax Puhkek\u00fcla Ideaalne asukoht. Valikus on stiilne peamaja privaatse saunaga ning 5 rookatusega puhkemaja!","robots":{"index":"index","follow":"follow","max-snippet":"max-snippet:-1","max-image-preview":"max-image-preview:large","max-video-preview":"max-video-preview:-1"},"canonical":"https:\/\/hiiumaarelax.ee\/en\/meist\/","og_locale":"en_GB","og_type":"article","og_title":"Omaniku lugu &#8211; Hiiumaa Relax Puhkek\u00fcla","og_description":"Hiiumaa Relax Puhkek\u00fcla Ideaalne asukoht. Valikus on stiilne peamaja privaatse saunaga ning 5 rookatusega puhkemaja!","og_url":"https:\/\/hiiumaarelax.ee\/en\/meist\/","og_site_name":"Hiiumaa Relax Puhkek\u00fcla","article_modified_time":"2025-06-28T12:01:49+00:00","og_image":[{"width":640,"height":480,"url":"https:\/\/hiiumaarelax.ee\/wp-content\/uploads\/2024\/11\/IMG_5933.jpg","type":"image\/jpeg"}],"twitter_card":"summary_large_image","twitter_misc":{"Estimated reading time":"3 minutes"},"schema":{"@context":"https:\/\/schema.org","@graph":[{"@type":"WebPage","@id":"https:\/\/hiiumaarelax.ee\/meist\/","url":"https:\/\/hiiumaarelax.ee\/meist\/","name":"Omaniku lugu &#8211; Hiiumaa Relax Puhkek\u00fcla","isPartOf":{"@id":"https:\/\/hiiumaarelax.ee\/#website"},"primaryImageOfPage":{"@id":"https:\/\/hiiumaarelax.ee\/meist\/#primaryimage"},"image":{"@id":"https:\/\/hiiumaarelax.ee\/meist\/#primaryimage"},"thumbnailUrl":"https:\/\/hiiumaarelax.ee\/wp-content\/uploads\/2024\/11\/IMG_5933.jpg","datePublished":"2025-01-25T13:07:02+00:00","dateModified":"2025-06-28T12:01:49+00:00","description":"Hiiumaa Relax Puhkek\u00fcla Ideaalne asukoht. Valikus on stiilne peamaja privaatse saunaga ning 5 rookatusega puhkemaja!","breadcrumb":{"@id":"https:\/\/hiiumaarelax.ee\/meist\/#breadcrumb"},"inLanguage":"en-GB","potentialAction":[{"@type":"ReadAction","target":["https:\/\/hiiumaarelax.ee\/meist\/"]}]},{"@type":"ImageObject","inLanguage":"en-GB","@id":"https:\/\/hiiumaarelax.ee\/meist\/#primaryimage","url":"https:\/\/hiiumaarelax.ee\/wp-content\/uploads\/2024\/11\/IMG_5933.jpg","contentUrl":"https:\/\/hiiumaarelax.ee\/wp-content\/uploads\/2024\/11\/IMG_5933.jpg"},{"@type":"BreadcrumbList","@id":"https:\/\/hiiumaarelax.ee\/meist\/#breadcrumb","itemListElement":[{"@type":"ListItem","position":1,"name":"Home","item":"https:\/\/hiiumaarelax.ee\/"},{"@type":"ListItem","position":2,"name":"Meist"}]},{"@type":"WebSite","@id":"https:\/\/hiiumaarelax.ee\/#website","url":"https:\/\/hiiumaarelax.ee\/","name":"Hiiumaa Relax Puhkek\u00fcla","description":"Majutus Hiiumaal, puhkek\u00fcla individuaal majadega","publisher":{"@id":"https:\/\/hiiumaarelax.ee\/#organization"},"alternateName":"Puhkek\u00fcla Hiiumaal","potentialAction":[{"@type":"SearchAction","target":{"@type":"EntryPoint","urlTemplate":"https:\/\/hiiumaarelax.ee\/?s={search_term_string}"},"query-input":{"@type":"PropertyValueSpecification","valueRequired":true,"valueName":"search_term_string"}}],"inLanguage":"en-GB"},{"@type":"Organization","@id":"https:\/\/hiiumaarelax.ee\/#organization","name":"Hiiumaa Relax Puhkek\u00fcla","alternateName":"Puhkek\u00fcla Hiiumaal","url":"https:\/\/hiiumaarelax.ee\/","logo":{"@type":"ImageObject","inLanguage":"en-GB","@id":"https:\/\/hiiumaarelax.ee\/#\/schema\/logo\/image\/","url":"https:\/\/hiiumaarelax.ee\/wp-content\/uploads\/2024\/10\/cropped-cropped-hiiumaa-relax-1.png","contentUrl":"https:\/\/hiiumaarelax.ee\/wp-content\/uploads\/2024\/10\/cropped-cropped-hiiumaa-relax-1.png","width":512,"height":512,"caption":"Hiiumaa Relax Puhkek\u00fcla"},"image":{"@id":"https:\/\/hiiumaarelax.ee\/#\/schema\/logo\/image\/"},"sameAs":["https:\/\/www.airbnb.com.ee\/rooms\/1163049199630359356"]}]}},"_links":{"self":[{"href":"https:\/\/hiiumaarelax.ee\/en\/wp-json\/wp\/v2\/pages\/2773","targetHints":{"allow":["GET"]}}],"collection":[{"href":"https:\/\/hiiumaarelax.ee\/en\/wp-json\/wp\/v2\/pages"}],"about":[{"href":"https:\/\/hiiumaarelax.ee\/en\/wp-json\/wp\/v2\/types\/page"}],"author":[{"embeddable":true,"href":"https:\/\/hiiumaarelax.ee\/en\/wp-json\/wp\/v2\/users\/1"}],"replies":[{"embeddable":true,"href":"https:\/\/hiiumaarelax.ee\/en\/wp-json\/wp\/v2\/comments?post=2773"}],"version-history":[{"count":5,"href":"https:\/\/hiiumaarelax.ee\/en\/wp-json\/wp\/v2\/pages\/2773\/revisions"}],"predecessor-version":[{"id":3253,"href":"https:\/\/hiiumaarelax.ee\/en\/wp-json\/wp\/v2\/pages\/2773\/revisions\/3253"}],"wp:attachment":[{"href":"https:\/\/hiiumaarelax.ee\/en\/wp-json\/wp\/v2\/media?parent=2773"}],"curies":[{"name":"wp","href":"https:\/\/api.w.org\/{rel}","templated":true}]}}